{"id":4094,"date":"2017-04-11T08:54:44","date_gmt":"2017-04-11T08:54:44","guid":{"rendered":"http:\/\/mixtape.select-themes.com\/?page_id=4094"},"modified":"2018-09-14T17:37:36","modified_gmt":"2018-09-14T15:37:36","slug":"about-me","status":"publish","type":"page","link":"http:\/\/www.sebomusik.de\/index.php\/about-me\/","title":{"rendered":"About Me"},"content":{"rendered":"<p>[vc_row][vc_column css=&#8220;.vc_custom_1491919263780{padding-right: 0px !important;padding-left: 0px !important;}&#8220; offset=&#8220;vc_col-lg-offset-0 vc_col-lg-6 vc_col-md-offset-0 vc_col-md-12 vc_col-sm-offset-0&#8243;][vc_single_image image=&#8220;9420&#8243; img_size=&#8220;full&#8220;][\/vc_column][vc_column offset=&#8220;vc_col-lg-offset-0 vc_col-lg-6 vc_col-md-offset-0 vc_col-md-12 vc_col-sm-offset-0&#8243;]<div class=\"qodef-elements-holder qodef-responsive-mode-768\" ><div class=\"qodef-elements-holder-item \" data-item-class=\"qodef-elements-holder-custom-484674\" data-1280-1440=\"17.5% 14% 0 10%\" data-1024-1280=\"13% 13% 0 9%\" data-768-1024=\"10% 13% 10.2% 8%\" data-600-768=\"10% 13% 10.2% 8%\" data-480-600=\"20% 12% 20% 10%\" data-480=\"20% 12% 20% 10%\" >\n\t<div class=\"qodef-elements-holder-item-inner\">\n\t\t<div class=\"qodef-elements-holder-item-content qodef-elements-holder-custom-484674\" style=\"padding: 29.5% 20% 0 12%\">\n\t\t\t[vc_column_text]<\/p>\n<h5><span style=\"color: #8a8a8a;\">Folge Seb\u00f3<\/span><\/h5>\n<p>[\/vc_column_text][vc_column_text css=&#8220;.vc_custom_1536055686482{padding-top: 15px !important;}&#8220;]<\/p>\n<h2>Biografie<\/h2>\n<p>[\/vc_column_text]<div class=\"qodef-separator-holder clearfix  qodef-separator-left\">\n\t<div class=\"qodef-separator\" style=\"border-color: #000000;width: 22px;border-bottom-width: 3px;margin-top: 28px;margin-bottom: 28px\"><\/div>\n<\/div>\n[vc_column_text css=&#8220;.vc_custom_1536055787227{padding-top: 2px !important;padding-bottom: 6% !important;}&#8220;]<strong>Den Gef\u00fchlen Wort und Klang geben<\/strong><\/p>\n<p>Es steht schon immer eine Kindergitarre in seinem Zimmer. Die Gitarre ist falsch gestimmt. Das hat zur Folge, dass immer ein harmonischer Klang zu h\u00f6ren ist, egal, wo er seine Finger auf die Saiten legt und anschl\u00e4gt. Ein Widerspruch? \u00dcberhaupt nicht &#8211; manchmal ist die Stimmung zwar falsch, eine Disharmonie aber bewirkt sie nicht unbedingt. Und \u00fcberhaupt, wer macht die Regeln? Doch dann kommt ihm sein gro\u00dfer Bruder in die Quere, indem er die Gitarre korrekt stimmt und unabsichtlich daf\u00fcr sorgt, dass der kleinere pl\u00f6tzlich nichts mehr spielen kann. Das Zimmer kann in einem Haus in Bremen verortet werden.<\/p>\n<p><strong><em>Rap, Reisen und Satire<\/em><\/strong><\/p>\n<p>Das Gitarrespielen wird Seb\u00f3 jedoch nicht vermiest. \u201eIch habe danach angefangen, mir das Gitarrespielen in einer ganz eigenen Technik beizubringen\u201c, lacht er inzwischen dar\u00fcber, \u201eaber ich wei\u00df bis heute nicht, wie die Akkorde benannt werden. Ich spiele alles nach Geh\u00f6r und so, wie die Finger es hinkriegen.\u201c Das macht er flink und verdammt gut. Doch flink und scharf ist auch seine Zunge.<\/p>\n<p>Auch \u00fcber mangelnde K\u00f6rperbeherrschung muss sich Seb\u00f3 nicht beklagen. So landet er schlie\u00dflich bei Rap und Breakdance. Twice As Nice nennt sich seine Crew. Irgendwann kreuzt die Lehrerin Anne Schmeckies aus Bremerhaven den Weg der Truppe. Sie ist der festen \u00dcberzeugung, dass jeder vom jeweils anderen etwas lernen kann und sie entwickelt das Projekt Each One Teach One. \u201eAlle in der Twice As Nice-Crew wussten um ihre F\u00e4higkeiten, aber genau so hei\u00df waren DJ Phax und ich, Neues zu lernen\u201c, erinnert sich Seb\u00f3, \u201eaufgrund von Annes Kontakten und der vielen Projekte, in die sie involviert war, reisten wir auch ein erstes Mal ins Ausland &#8211; nach Italien zu einem Antirassismusfestival.\u201c Wenn Rap-Communities Kontakt zueinander aufnehmen, wird daraus schnell ein gro\u00dfes, aktives Netzwerk.<\/p>\n<p>Dabei w\u00e4chst die Zahl der Netzknoten stetig. \u201eEiner dieser Knoten war pl\u00f6tzlich einer in Kapstadt\u201c, sagt Seb\u00f3, \u201eso war es m\u00f6glich, auch dorthin zu fliegen, eine Tour durch die Townships zu machen und dort gemeinsam mit den S\u00fcdafrikanern zu performen. Seitdem \u00fcbt das Reisen eine ganz gro\u00dfe Faszination auf mich aus und der kreative Austausch hat f\u00fcr mich h\u00f6chsten Stellenwert.\u201c<\/p>\n<p>So verschlug es ihn immer wieder im Auftrag des Goethe Instituts f\u00fcr diverse Workshops f\u00fcr Lehrer und Sch\u00fcler verschiedenen Alters in diverse L\u00e4nder ( Sibirien, Kirgisistan, Polen, Schweiz,&#8230;).<br \/>\nSchwerpunkt: Musik gestaltet den Deutschunterricht und kreatives Schreiben.<\/p>\n<p>Wer Seb\u00f3 kennt, wei\u00df, dass auch die Attribute Humor und Vielseitigkeit ihn auszeichnen. So ist er seit 2016 \u00a0in der beliebten Satire Sendung Extra3 ( NDR \/ ARD ) als Schauspieler aktiv.<\/p>\n<p><strong><em>Der Rapper als Singer\/Songwriter<\/em><\/strong><\/p>\n<p>Vom Rappen hat sich Seb\u00f3 nie wirklich entfernt. Aber er hat dieser k\u00fcnstlerischen Ader eine weitere Facette hinzugef\u00fcgt und sich zu einem furiosen Singer\/Songwriter gemausert. \u201eMeine Stimme hat irgendwann weitaus mehr transportiert, als gerappte S\u00e4tze\u201c, bekennt sich Seb\u00f3 zum Wandel seines k\u00fcnstlerischen Ansatzes, \u201eaber geblieben sind die Haltung des Rap und seine kreativen M\u00f6glichkeiten, etwa der Wortwitz, die wuchernde Energie und der Fluss und die Durchschlagskraft des Gesagten.<\/p>\n<p><strong><em>1.Album \u201eAlles was noch kommt\u201c<\/em><\/strong><\/p>\n<p>Nach vielen Reisen, die knapp f\u00fcnf Jahre andauern und nicht nur nach S\u00fcdafrika, sondern auch nach Indien oder Sibirien f\u00fchren, tr\u00e4gt Seb\u00f3 ein Loggbuch des Lebens mit sich. Eins, das vor Geschichten geradezu \u00fcberbordet. Gro\u00dfe Geschichten sind dort genau so zu lesen, wie die kleinen am Rande. Die bewussten und die zuf\u00e4lligen. Tausend Blickwinkel haben sich ge\u00f6ffnet. Und die ganze Vielfalt dieses Lebens ist auf Seb\u00f3 niedergeprasselt. Und dann ist da noch das Hier und Jetzt. Schlie\u00dflich ist der Musiker seit \u00fcber 10 Jahren in Hamburg sesshaft. Das Heute wird so zus\u00e4tzlich vom Vergangenen und Erinnertem \u00fcberlagert und blickt in die Zukunft.<\/p>\n<p>Deshalb hie\u00df sein in 2015 erschienenes erstes Album auch \u201aAlles was noch kommt\u2019\u201c.<\/p>\n<p>Man erinnert sich an die erfolgreiche Single des Albums \u201eSo weit so gut\u201c, als Seb\u00f3 bei Inas Nacht sein St\u00fcck vortrug und Ina M\u00fcller ihm attestierte, dass sie dieses Lied zuhause immer so richtig laut mitgr\u00f6lt.<\/p>\n<p>Seit dem spielt Seb\u00f3 unaufhaltsam eigene Shows und Supporttouren (Johannes Oerding, Revolverheld, Flo Mega) quer durch die Republik und teilte sich die B\u00fchne u.a. mit Max Mutzke und Andreas Bourani.<\/p>\n<p><strong><em>Die aktuelle Single \u201eDas schaffst nur du\u201c<\/em><\/strong><\/p>\n<p>In seiner neuen Single <strong>\u201eDas schaffst nur du\u201c<\/strong>zeigt Seb\u00f3 seine F\u00e4higkeiten, mit seinem facettenreichen, soulig gef\u00e4rbten Timbre eingebettet in einer modernen, fast urbanen Pop-Produktion, gr\u00f6\u00dften Gef\u00fchlen klaren Ausdruck in Wort und Klang zu verleihen.<\/p>\n<p>Es geht darin vor allem um die F\u00e4higkeit, sich selbst immer wieder zu motivieren und an sich zu glauben. Denn Angst vor dem Scheitern ist menschlich, worauf es aber ankommt ist, dass man nach jeder Niederlage wieder aufsteht und jeden R\u00fcckschlag als Herausforderung annimmt, um daraus gest\u00e4rkt hervorzugehen. Es ist eine Motivationshymne f\u00fcr jeden, der gerade an sich selbst zweifelt.[\/vc_column_text][vc_row_inner][vc_column_inner width=&#8220;1\/2&#8243;]<div class=\"qodef-icon-list-item\">\n\t<div class=\"qodef-icon-list-icon-holder\" style=\"padding-right:12px\">\n        <div class=\"qodef-icon-list-icon-holder-inner clearfix\">\n\t\t\t<i class=\"qodef-icon-dripicons dripicon dripicon-calendar \" style=\"color:#000000;font-size:21px\" ><\/i>\t\t<\/div>\n\t<\/div>\n\t<p class=\"qodef-icon-list-text\" style=\"color:#8a8a8a;font-size:15px\" > V\u00d6: 14\/09\/2018<\/p>\n<\/div><div class=\"qodef-icon-list-item\">\n\t<div class=\"qodef-icon-list-icon-holder\" style=\"padding-right:12px\">\n        <div class=\"qodef-icon-list-icon-holder-inner clearfix\">\n\t\t\t<i class=\"qodef-icon-dripicons dripicon dripicon-microphone \" style=\"color:#000000;font-size:21px\" ><\/i>\t\t<\/div>\n\t<\/div>\n\t<p class=\"qodef-icon-list-text\" style=\"color:#8a8a8a;font-size:15px\" > Label: Palm Boat Music \/ Kam\u00e8 Ent.<\/p>\n<\/div>[\/vc_column_inner][vc_column_inner width=&#8220;1\/2&#8243;]<div class=\"qodef-icon-list-item\">\n\t<div class=\"qodef-icon-list-icon-holder\" style=\"padding-right:12px\">\n        <div class=\"qodef-icon-list-icon-holder-inner clearfix\">\n\t\t\t<span aria-hidden=\"true\" class=\"qodef-icon-font-elegant icon_mail_alt \" style=\"color:#000000;font-size:21px\" ><\/span>\t\t<\/div>\n\t<\/div>\n\t<p class=\"qodef-icon-list-text\" style=\"color:#8a8a8a;font-size:15px\" > E-mail: kontakt@sebomusik.de<\/p>\n<\/div><div class=\"qodef-icon-list-item\">\n\t<div class=\"qodef-icon-list-icon-holder\" style=\"padding-right:12px\">\n        <div class=\"qodef-icon-list-icon-holder-inner clearfix\">\n\t\t\t<i class=\"qodef-icon-dripicons dripicon dripicon-media-record \" style=\"color:#000000;font-size:21px\" ><\/i>\t\t<\/div>\n\t<\/div>\n\t<p class=\"qodef-icon-list-text\" style=\"color:#8a8a8a;font-size:15px\" > Vertrieb: Believe Digital<\/p>\n<\/div>[\/vc_column_inner][\/vc_row_inner][vc_column_text css=&#8220;.vc_custom_1536055840587{padding-top: 7% !important;padding-bottom: 2% !important;}&#8220;]<\/p>\n<h3>Folge mir:<\/h3>\n<p>[\/vc_column_text]\n    <span class=\"qodef-icon-shortcode normal\" style=\"margin: 0 15px 0 0\" data-hover-color=\"#000000\" data-color=\"#8a8a8a\">\n                    <a href=\"http:\/\/www.instagram.com\/sebomusik\/\" target=\"_blank\">\n        \n        <i class=\"qodef-icon-font-awesome fa fa-instagram qodef-icon-element\" style=\"color: #8a8a8a;font-size:20px\" ><\/i>\n                    <\/a>\n            <\/span>\n\n\n    <span class=\"qodef-icon-shortcode normal\" style=\"margin: 0 15px 0 0\" data-hover-color=\"#000000\" data-color=\"#8a8a8a\">\n                    <a href=\"http:\/\/www.twitter.com\/sebomusik\" target=\"_blank\">\n        \n        <i class=\"qodef-icon-font-awesome fa fa-twitter qodef-icon-element\" style=\"color: #8a8a8a;font-size:20px\" ><\/i>\n                    <\/a>\n            <\/span>\n\n\n    <span class=\"qodef-icon-shortcode normal\" style=\"margin: 0 15px 0 0\" data-hover-color=\"#000000\" data-color=\"#8a8a8a\">\n                    <a href=\"http:\/\/www.facebook.com\/sebo.musik\" target=\"_blank\">\n        \n        <i class=\"qodef-icon-font-awesome fa fa-facebook qodef-icon-element\" style=\"color: #8a8a8a;font-size:20px\" ><\/i>\n                    <\/a>\n            <\/span>\n\n\n    <span class=\"qodef-icon-shortcode normal\" style=\"margin: 0 15 0 0\" data-hover-color=\"#000000\" data-color=\"#8a8a8a\">\n                    <a href=\"http:\/\/www.youtube.com\/user\/sebosound\" target=\"_blank\">\n        \n        <i class=\"qodef-icon-font-awesome fa fa-youtube qodef-icon-element\" style=\"color: #8a8a8a;font-size:20px\" ><\/i>\n                    <\/a>\n            <\/span>\n\n\t\t<\/div>\n\t<\/div>\n<\/div><\/div>[\/vc_column][\/vc_row]<\/p>\n","protected":false},"excerpt":{"rendered":"<p>[vc_row][vc_column css=&#8220;.vc_custom_1491919263780{padding-right: 0px !important;padding-left: 0px !important;}&#8220; offset=&#8220;vc_col-lg-offset-0 vc_col-lg-6 vc_col-md-offset-0 vc_col-md-12 vc_col-sm-offset-0&#8243;][vc_single_image image=&#8220;9420&#8243; img_size=&#8220;full&#8220;][\/vc_column][vc_column offset=&#8220;vc_col-lg-offset-0 vc_col-lg-6 vc_col-md-offset-0 vc_col-md-12 vc_col-sm-offset-0&#8243;][\/vc_column][\/vc_row]<\/p>\n","protected":false},"author":1,"featured_media":0,"parent":0,"menu_order":0,"comment_status":"closed","ping_status":"closed","template":"full-width.php","meta":[],"_links":{"self":[{"href":"http:\/\/www.sebomusik.de\/index.php\/wp-json\/wp\/v2\/pages\/4094"}],"collection":[{"href":"http:\/\/www.sebomusik.de\/index.php\/wp-json\/wp\/v2\/pages"}],"about":[{"href":"http:\/\/www.sebomusik.de\/index.php\/wp-json\/wp\/v2\/types\/page"}],"author":[{"embeddable":true,"href":"http:\/\/www.sebomusik.de\/index.php\/wp-json\/wp\/v2\/users\/1"}],"replies":[{"embeddable":true,"href":"http:\/\/www.sebomusik.de\/index.php\/wp-json\/wp\/v2\/comments?post=4094"}],"version-history":[{"count":6,"href":"http:\/\/www.sebomusik.de\/index.php\/wp-json\/wp\/v2\/pages\/4094\/revisions"}],"predecessor-version":[{"id":9428,"href":"http:\/\/www.sebomusik.de\/index.php\/wp-json\/wp\/v2\/pages\/4094\/revisions\/9428"}],"wp:attachment":[{"href":"http:\/\/www.sebomusik.de\/index.php\/wp-json\/wp\/v2\/media?parent=4094"}],"curies":[{"name":"wp","href":"https:\/\/api.w.org\/{rel}","templated":true}]}}